{"id":217,"date":"2024-11-26T16:54:57","date_gmt":"2024-11-26T16:54:57","guid":{"rendered":"https:\/\/inputscreatius.com\/?page_id=217"},"modified":"2025-08-06T12:55:18","modified_gmt":"2025-08-06T12:55:18","slug":"declaracion-de-accesibilidad","status":"publish","type":"page","link":"https:\/\/inputscreatius.com\/en\/declaracion-de-accesibilidad\/","title":{"rendered":"Declaraci\u00f3n de Accesibilidad"},"content":{"rendered":"<div data-elementor-type=\"wp-page\" data-elementor-id=\"217\" class=\"elementor elementor-217\" data-elementor-post-type=\"page\">\n\t\t\t\t\t\t<section class=\"elementor-section elementor-top-section elementor-element elementor-element-36f0a251 elementor-section-content-middle elementor-section-boxed elementor-section-height-default elementor-section-height-default\" data-id=\"36f0a251\" data-element_type=\"section\" data-settings=\"{&quot;background_background&quot;:&quot;classic&quot;}\">\n\t\t\t\t\t\t\t<div class=\"elementor-background-overlay\"><\/div>\n\t\t\t\t\t\t\t<div class=\"elementor-container elementor-column-gap-default\">\n\t\t\t\t\t<div class=\"elementor-column elementor-col-100 elementor-top-column elementor-element elementor-element-108493c8 elementor-invisible\" data-id=\"108493c8\" data-element_type=\"column\" data-settings=\"{&quot;animation&quot;:&quot;fadeInRight&quot;}\">\n\t\t\t<div class=\"elementor-widget-wrap elementor-element-populated\">\n\t\t\t\t\t\t<div class=\"elementor-element elementor-element-1d98a7fa elementor-widget elementor-widget-heading\" data-id=\"1d98a7fa\" data-element_type=\"widget\" data-widget_type=\"heading.default\">\n\t\t\t\t<div class=\"elementor-widget-container\">\n\t\t\t\t\t<h2 class=\"elementor-heading-title elementor-size-default\">Declaraci\u00f3n de Accesibilidad<\/h2>\t\t\t\t<\/div>\n\t\t\t\t<\/div>\n\t\t\t\t\t<\/div>\n\t\t<\/div>\n\t\t\t\t\t<\/div>\n\t\t<\/section>\n\t\t\t\t<section class=\"elementor-section elementor-top-section elementor-element elementor-element-c0cec4f elementor-section-boxed elementor-section-height-default elementor-section-height-default\" data-id=\"c0cec4f\" data-element_type=\"section\">\n\t\t\t\t\t\t<div class=\"elementor-container elementor-column-gap-default\">\n\t\t\t\t\t<div class=\"elementor-column elementor-col-100 elementor-top-column elementor-element elementor-element-642e806\" data-id=\"642e806\" data-element_type=\"column\">\n\t\t\t<div class=\"elementor-widget-wrap elementor-element-populated\">\n\t\t\t\t\t\t<div class=\"elementor-element elementor-element-4da95d5 elementor-widget elementor-widget-text-editor\" data-id=\"4da95d5\" data-element_type=\"widget\" data-widget_type=\"text-editor.default\">\n\t\t\t\t<div class=\"elementor-widget-container\">\n\t\t\t\t\t\t\t\t\t<h3><b>Medidas de apoyo a la accesibilidad<\/b><\/h3><p><span style=\"font-weight: 400;\">inputscreatius.com <\/span><span style=\"font-weight: 400;\">se ha comprometido a hacer accesible su sitio web, de conformidad con el Real Decreto 1112\/2018, de 7 de septiembre, sobre accesibilidad de los sitios web y aplicaciones para dispositivos m\u00f3viles<\/span><\/p><p><span style=\"font-weight: 400;\">La presente declaraci\u00f3n de accesibilidad se aplica al sitio web <\/span><span style=\"font-weight: 400;\">www.inputscreatius.com<\/span><\/p><h3><b>Situaci\u00f3n de cumplimiento<\/b><\/h3><p><span style=\"font-weight: 400;\">Este sitio web es parcialmente conforme con el RD 1112\/2018 debido a las excepciones y a la falta de conformidad de los aspectos que se indican en el siguiente punto.<\/span><\/p><h3><b>Carga desproporcionada<\/b><\/h3><p><span style=\"font-weight: 400;\">No aplica.<\/span><\/p><h3><b>Preparaci\u00f3n de la presente declaraci\u00f3n de accesibilidad<\/b><\/h3><p>La presente declaraci\u00f3n fue preparada el <span>30 de diciembre de 2024.<\/span><\/p><p><span style=\"font-weight: 400;\">El m\u00e9todo empleado para preparar la declaraci\u00f3n ha sido una autoevaluaci\u00f3n llevada a cabo por el propio organismo.<\/span><\/p><p><span style=\"font-weight: 400;\">\u00daltima revisi\u00f3n de la declaraci\u00f3n: <\/span><span style=\"font-weight: 400;\">06 de Agosto de 2024.<\/span><\/p><h3><b>Especificaciones t\u00e9cnicas<\/b><\/h3><p><span style=\"font-weight: 400;\">Accesibilidad de<\/span><span style=\"font-weight: 400;\"> www.inputscreatius.com<\/span> <span style=\"font-weight: 400;\">se basa en las siguientes tecnolog\u00edas para funcionar con la combinaci\u00f3n particular de navegador web y cualquier tecnolog\u00eda de asistencia o complemento instalado en su computadora:<\/span><\/p><ul><li style=\"font-weight: 400;\" aria-level=\"2\"><span style=\"font-weight: 400;\">HTML<\/span><\/li><\/ul><ul><li style=\"font-weight: 400;\" aria-level=\"2\"><span style=\"font-weight: 400;\">WAI-ARIA<\/span><\/li><\/ul><ul><li style=\"font-weight: 400;\" aria-level=\"2\"><span style=\"font-weight: 400;\">CSS<\/span><\/li><\/ul><ul><li style=\"font-weight: 400;\" aria-level=\"2\"><span style=\"font-weight: 400;\">JavaScript<\/span><\/li><\/ul><p><span style=\"font-weight: 400;\">Se conf\u00eda en estas tecnolog\u00edas para cumplir con los est\u00e1ndares de accesibilidad utilizados.<\/span><\/p><h3><b>Reporte de evaluaci\u00f3n semiautom\u00e1ticas:<\/b><\/h3><ul><li style=\"font-weight: 400;\" aria-level=\"2\"><span style=\"font-weight: 400;\">The Wave es una herramienta gratuita de validaci\u00f3n que se basa en las normas de WCAG 2.1 y en la Secci\u00f3n 508 de EEUU. Est\u00e1 desarrollado por WebAIM (Accessibility in Mind), organizaci\u00f3n sin \u00e1nimo de lucro del Center for Persons with Disabilities de la Universidad del Estado de Utah. Este validador no s\u00f3lo realiza un an\u00e1lisis pormenorizado de accesibilidad sino que proporciona informaci\u00f3n sobre el contenido y la estructura de las p\u00e1ginas para ayudar a los desarrolladores a realizar aquellas tareas que exigen una toma de decisiones de tipo personal.<\/span><\/li><\/ul><h3><b>Comprobaci\u00f3n manual:<\/b><\/h3><ul><li style=\"font-weight: 400;\" aria-level=\"2\"><span style=\"font-weight: 400;\">Confirmar que se puede aumentar el tama\u00f1o de fuente y que la p\u00e1gina es usable con un tama\u00f1o de fuente grande.<\/span><\/li><\/ul><ul><li style=\"font-weight: 400;\" aria-level=\"2\"><span style=\"font-weight: 400;\">Comprobar que existe un buen resaltado visual del elemento que recibe el foco tanto mediante el rat\u00f3n, como mediante el teclado.<\/span><\/li><\/ul><ul><li style=\"font-weight: 400;\" aria-level=\"2\"><span style=\"font-weight: 400;\">Probar las p\u00e1ginas con diferentes resoluciones de pantalla y\/o con diferentes tama\u00f1os de ventana.<\/span><\/li><\/ul><ul><li style=\"font-weight: 400;\" aria-level=\"2\"><span style=\"font-weight: 400;\">Visualizar las p\u00e1ginas de forma que cojan autom\u00e1ticamente la apariencia en \u201cNegro Alto contraste\u201d u otra similar, seleccionada en las opciones del sistema del ordenador.<\/span><\/li><\/ul><ul><li style=\"font-weight: 400;\" aria-level=\"2\"><span style=\"font-weight: 400;\">Revisar el contraste que existe entre fondo y texto, tanto en los contenidos como en las im\u00e1genes.<\/span><\/li><\/ul><h3><b>Observaciones y datos de contacto<\/b><\/h3><p><span style=\"font-weight: 400;\">Puede realizar comunicaciones sobre requisitos de accesibilidad (art\u00edculo 10.2.a) del RD 1112\/2018) como por ejemplo:<\/span><\/p><ul><li style=\"font-weight: 400;\" aria-level=\"2\"><span style=\"font-weight: 400;\">Informar sobre cualquier posible incumplimiento por parte de este sitio web<\/span><\/li><\/ul><ul><li style=\"font-weight: 400;\" aria-level=\"2\"><span style=\"font-weight: 400;\">Transmitir otras dificultades de acceso al contenido<\/span><\/li><\/ul><ul><li style=\"font-weight: 400;\" aria-level=\"2\"><span style=\"font-weight: 400;\">Formular cualquier otra consulta o sugerencia de mejora relativa a la accesibilidad del sitio web<\/span><\/li><\/ul><p><span style=\"font-weight: 400;\">A trav\u00e9s del siguiente email<\/span><span style=\"font-weight: 400;\"> info@inputscreatius.com<\/span><\/p><h3><b>Contenido opcional<\/b><\/h3><p><span style=\"font-weight: 400;\">Este portal est\u00e1 dise\u00f1ado para poder cambiar el tama\u00f1o del texto y el color, as\u00ed como el fondo de la p\u00e1gina mediante las opciones de configuraci\u00f3n est\u00e1ndar de los navegadores.<\/span><\/p><p><span style=\"font-weight: 400;\">Si desea cambiar el tama\u00f1o de letra del texto en los principales navegadores gr\u00e1ficos utilice los siguientes men\u00fas:<\/span><\/p><ul><li style=\"font-weight: 400;\" aria-level=\"2\"><span style=\"font-weight: 400;\">Internet Explorer, Mozilla y Firefox: Ver &gt; Tama\u00f1o del texto<\/span><\/li><\/ul><ul><li style=\"font-weight: 400;\" aria-level=\"2\"><span style=\"font-weight: 400;\">Opera: Ver &gt; Zoom<\/span><\/li><\/ul><ul><li style=\"font-weight: 400;\" aria-level=\"2\"><span style=\"font-weight: 400;\">Safari: Ver &gt; Hacer el texto m\u00e1s grande<\/span><\/li><\/ul><ul><li style=\"font-weight: 400;\" aria-level=\"2\"><span style=\"font-weight: 400;\">Chrome: Controla la p\u00e1gina actual &gt; Tama\u00f1o del texto<\/span><\/li><\/ul><ul><li style=\"font-weight: 400;\" aria-level=\"2\"><span style=\"font-weight: 400;\">Para modificar el tama\u00f1o de todo en la p\u00e1gina:<\/span><\/li><\/ul><ul><li style=\"font-weight: 400;\" aria-level=\"2\"><span style=\"font-weight: 400;\">Ctrl + + para aumentarlo<\/span><\/li><\/ul><ul><li style=\"font-weight: 400;\" aria-level=\"2\"><span style=\"font-weight: 400;\">Ctrl + &#8211; para disminuirlo<\/span><\/li><\/ul><ul><li style=\"font-weight: 400;\" aria-level=\"2\"><span style=\"font-weight: 400;\">Ctrl + 0 restaura el tama\u00f1o original del texto<\/span><\/li><\/ul><ul><li style=\"font-weight: 400;\" aria-level=\"2\"><span style=\"font-weight: 400;\">Tambi\u00e9n puede hacer uso de las herramientas de accesibilidad que se encuentra en el extremo superior izquierdo <\/span><\/li><\/ul>\t\t\t\t\t\t\t\t<\/div>\n\t\t\t\t<\/div>\n\t\t\t\t\t<\/div>\n\t\t<\/div>\n\t\t\t\t\t<\/div>\n\t\t<\/section>\n\t\t\t\t<\/div>","protected":false},"excerpt":{"rendered":"<p>Declaraci\u00f3n de Accesibilidad Medidas de apoyo a la accesibilidad inputscreatius.com se ha comprometido a hacer accesible su sitio web, de conformidad con el Real Decreto 1112\/2018, de 7 de septiembre, sobre accesibilidad de los sitios web y aplicaciones para dispositivos m\u00f3viles La presente declaraci\u00f3n de accesibilidad se aplica al sitio web www.inputscreatius.com Situaci\u00f3n de cumplimiento [&hellip;]<\/p>","protected":false},"author":8,"featured_media":0,"parent":0,"menu_order":0,"comment_status":"closed","ping_status":"closed","template":"","meta":{"footnotes":""},"yoast_head":"<!-- This site is optimized with the Yoast SEO plugin v25.3 - https:\/\/yoast.com\/wordpress\/plugins\/seo\/ -->\n<title>Declaraci\u00f3n de Accesibilidad - Inputs Creatius<\/title>\n<meta name=\"robots\" content=\"index, follow, max-snippet:-1, max-image-preview:large, max-video-preview:-1\" \/>\n<link rel=\"canonical\" href=\"https:\/\/inputscreatius.com\/en\/declaracion-de-accesibilidad\/\" \/>\n<meta property=\"og:locale\" content=\"en_US\" \/>\n<meta property=\"og:type\" content=\"article\" \/>\n<meta property=\"og:title\" content=\"Declaraci\u00f3n de Accesibilidad - Inputs Creatius\" \/>\n<meta property=\"og:description\" content=\"Declaraci\u00f3n de Accesibilidad Medidas de apoyo a la accesibilidad inputscreatius.com se ha comprometido a hacer accesible su sitio web, de conformidad con el Real Decreto 1112\/2018, de 7 de septiembre, sobre accesibilidad de los sitios web y aplicaciones para dispositivos m\u00f3viles La presente declaraci\u00f3n de accesibilidad se aplica al sitio web www.inputscreatius.com Situaci\u00f3n de cumplimiento [&hellip;]\" \/>\n<meta property=\"og:url\" content=\"https:\/\/inputscreatius.com\/en\/declaracion-de-accesibilidad\/\" \/>\n<meta property=\"og:site_name\" content=\"Inputs Creatius\" \/>\n<meta property=\"article:modified_time\" content=\"2025-08-06T12:55:18+00:00\" \/>\n<meta name=\"twitter:card\" content=\"summary_large_image\" \/>\n<meta name=\"twitter:label1\" content=\"Est. reading time\" \/>\n\t<meta name=\"twitter:data1\" content=\"3 minutes\" \/>\n<script type=\"application\/ld+json\" class=\"yoast-schema-graph\">{\"@context\":\"https:\/\/schema.org\",\"@graph\":[{\"@type\":\"WebPage\",\"@id\":\"https:\/\/inputscreatius.com\/declaracion-de-accesibilidad\/\",\"url\":\"https:\/\/inputscreatius.com\/declaracion-de-accesibilidad\/\",\"name\":\"Declaraci\u00f3n de Accesibilidad - Inputs Creatius\",\"isPartOf\":{\"@id\":\"https:\/\/inputscreatius.com\/#website\"},\"datePublished\":\"2024-11-26T16:54:57+00:00\",\"dateModified\":\"2025-08-06T12:55:18+00:00\",\"breadcrumb\":{\"@id\":\"https:\/\/inputscreatius.com\/declaracion-de-accesibilidad\/#breadcrumb\"},\"inLanguage\":\"en-US\",\"potentialAction\":[{\"@type\":\"ReadAction\",\"target\":[\"https:\/\/inputscreatius.com\/declaracion-de-accesibilidad\/\"]}]},{\"@type\":\"BreadcrumbList\",\"@id\":\"https:\/\/inputscreatius.com\/declaracion-de-accesibilidad\/#breadcrumb\",\"itemListElement\":[{\"@type\":\"ListItem\",\"position\":1,\"name\":\"Portada\",\"item\":\"https:\/\/inputscreatius.com\/\"},{\"@type\":\"ListItem\",\"position\":2,\"name\":\"Declaraci\u00f3n de Accesibilidad\"}]},{\"@type\":\"WebSite\",\"@id\":\"https:\/\/inputscreatius.com\/#website\",\"url\":\"https:\/\/inputscreatius.com\/\",\"name\":\"Inputs Creatius\",\"description\":\"\",\"potentialAction\":[{\"@type\":\"SearchAction\",\"target\":{\"@type\":\"EntryPoint\",\"urlTemplate\":\"https:\/\/inputscreatius.com\/?s={search_term_string}\"},\"query-input\":{\"@type\":\"PropertyValueSpecification\",\"valueRequired\":true,\"valueName\":\"search_term_string\"}}],\"inLanguage\":\"en-US\"}]}<\/script>\n<!-- \/ Yoast SEO plugin. -->","yoast_head_json":{"title":"Declaraci\u00f3n de Accesibilidad - Inputs Creatius","robots":{"index":"index","follow":"follow","max-snippet":"max-snippet:-1","max-image-preview":"max-image-preview:large","max-video-preview":"max-video-preview:-1"},"canonical":"https:\/\/inputscreatius.com\/en\/declaracion-de-accesibilidad\/","og_locale":"en_US","og_type":"article","og_title":"Declaraci\u00f3n de Accesibilidad - Inputs Creatius","og_description":"Declaraci\u00f3n de Accesibilidad Medidas de apoyo a la accesibilidad inputscreatius.com se ha comprometido a hacer accesible su sitio web, de conformidad con el Real Decreto 1112\/2018, de 7 de septiembre, sobre accesibilidad de los sitios web y aplicaciones para dispositivos m\u00f3viles La presente declaraci\u00f3n de accesibilidad se aplica al sitio web www.inputscreatius.com Situaci\u00f3n de cumplimiento [&hellip;]","og_url":"https:\/\/inputscreatius.com\/en\/declaracion-de-accesibilidad\/","og_site_name":"Inputs Creatius","article_modified_time":"2025-08-06T12:55:18+00:00","twitter_card":"summary_large_image","twitter_misc":{"Est. reading time":"3 minutes"},"schema":{"@context":"https:\/\/schema.org","@graph":[{"@type":"WebPage","@id":"https:\/\/inputscreatius.com\/declaracion-de-accesibilidad\/","url":"https:\/\/inputscreatius.com\/declaracion-de-accesibilidad\/","name":"Declaraci\u00f3n de Accesibilidad - Inputs Creatius","isPartOf":{"@id":"https:\/\/inputscreatius.com\/#website"},"datePublished":"2024-11-26T16:54:57+00:00","dateModified":"2025-08-06T12:55:18+00:00","breadcrumb":{"@id":"https:\/\/inputscreatius.com\/declaracion-de-accesibilidad\/#breadcrumb"},"inLanguage":"en-US","potentialAction":[{"@type":"ReadAction","target":["https:\/\/inputscreatius.com\/declaracion-de-accesibilidad\/"]}]},{"@type":"BreadcrumbList","@id":"https:\/\/inputscreatius.com\/declaracion-de-accesibilidad\/#breadcrumb","itemListElement":[{"@type":"ListItem","position":1,"name":"Portada","item":"https:\/\/inputscreatius.com\/"},{"@type":"ListItem","position":2,"name":"Declaraci\u00f3n de Accesibilidad"}]},{"@type":"WebSite","@id":"https:\/\/inputscreatius.com\/#website","url":"https:\/\/inputscreatius.com\/","name":"Inputs Creatius","description":"","potentialAction":[{"@type":"SearchAction","target":{"@type":"EntryPoint","urlTemplate":"https:\/\/inputscreatius.com\/?s={search_term_string}"},"query-input":{"@type":"PropertyValueSpecification","valueRequired":true,"valueName":"search_term_string"}}],"inLanguage":"en-US"}]}},"_links":{"self":[{"href":"https:\/\/inputscreatius.com\/en\/wp-json\/wp\/v2\/pages\/217"}],"collection":[{"href":"https:\/\/inputscreatius.com\/en\/wp-json\/wp\/v2\/pages"}],"about":[{"href":"https:\/\/inputscreatius.com\/en\/wp-json\/wp\/v2\/types\/page"}],"author":[{"embeddable":true,"href":"https:\/\/inputscreatius.com\/en\/wp-json\/wp\/v2\/users\/8"}],"replies":[{"embeddable":true,"href":"https:\/\/inputscreatius.com\/en\/wp-json\/wp\/v2\/comments?post=217"}],"version-history":[{"count":23,"href":"https:\/\/inputscreatius.com\/en\/wp-json\/wp\/v2\/pages\/217\/revisions"}],"predecessor-version":[{"id":687,"href":"https:\/\/inputscreatius.com\/en\/wp-json\/wp\/v2\/pages\/217\/revisions\/687"}],"wp:attachment":[{"href":"https:\/\/inputscreatius.com\/en\/wp-json\/wp\/v2\/media?parent=217"}],"curies":[{"name":"wp","href":"https:\/\/api.w.org\/{rel}","templated":true}]}}