{"id":308,"date":"2025-02-10T15:17:25","date_gmt":"2025-02-10T15:17:25","guid":{"rendered":"https:\/\/inputscreatius.com\/?page_id=308"},"modified":"2025-08-06T14:50:55","modified_gmt":"2025-08-06T14:50:55","slug":"diseno-grafico","status":"publish","type":"page","link":"https:\/\/inputscreatius.com\/en\/diseno-grafico\/","title":{"rendered":"Dise\u00f1o gr\u00e1fico"},"content":{"rendered":"<div data-elementor-type=\"wp-page\" data-elementor-id=\"308\" class=\"elementor elementor-308\" data-elementor-post-type=\"page\">\n\t\t\t\t\t\t<section class=\"elementor-section elementor-top-section elementor-element elementor-element-6b78cf16 elementor-section-content-middle elementor-section-boxed elementor-section-height-default elementor-section-height-default\" data-id=\"6b78cf16\" data-element_type=\"section\" data-settings=\"{&quot;background_background&quot;:&quot;classic&quot;}\">\n\t\t\t\t\t\t\t<div class=\"elementor-background-overlay\"><\/div>\n\t\t\t\t\t\t\t<div class=\"elementor-container elementor-column-gap-default\">\n\t\t\t\t\t<div class=\"elementor-column elementor-col-100 elementor-top-column elementor-element elementor-element-435844cf elementor-invisible\" data-id=\"435844cf\" data-element_type=\"column\" data-settings=\"{&quot;animation&quot;:&quot;fadeInRight&quot;}\">\n\t\t\t<div class=\"elementor-widget-wrap elementor-element-populated\">\n\t\t\t\t\t\t\t<\/div>\n\t\t<\/div>\n\t\t\t\t\t<\/div>\n\t\t<\/section>\n\t\t\t\t<section class=\"elementor-section elementor-top-section elementor-element elementor-element-9d2fe32 elementor-section-boxed elementor-section-height-default elementor-section-height-default\" data-id=\"9d2fe32\" data-element_type=\"section\">\n\t\t\t\t\t\t<div class=\"elementor-container elementor-column-gap-default\">\n\t\t\t\t\t<div class=\"elementor-column elementor-col-100 elementor-top-column elementor-element elementor-element-ec65c3f\" data-id=\"ec65c3f\" data-element_type=\"column\">\n\t\t\t<div class=\"elementor-widget-wrap elementor-element-populated\">\n\t\t\t\t\t\t<div class=\"elementor-element elementor-element-0b4e834 elementor-invisible elementor-widget elementor-widget-heading\" data-id=\"0b4e834\" data-element_type=\"widget\" data-settings=\"{&quot;_animation&quot;:&quot;fadeInUp&quot;}\" data-widget_type=\"heading.default\">\n\t\t\t\t<div class=\"elementor-widget-container\">\n\t\t\t\t\t<h2 class=\"elementor-heading-title elementor-size-default\">Brillen \u00d3ptics<\/h2>\t\t\t\t<\/div>\n\t\t\t\t<\/div>\n\t\t\t\t<div class=\"elementor-element elementor-element-6ca4844 elementor-widget elementor-widget-text-editor\" data-id=\"6ca4844\" data-element_type=\"widget\" data-widget_type=\"text-editor.default\">\n\t\t\t\t<div class=\"elementor-widget-container\">\n\t\t\t\t\t\t\t\t\t<p>Creaci\u00f3n de logotipo para una empresa de venta de gafas, con colores corporativos simples, acentuando en color naranja el brillo de una lente y el puente de unas gafas.<\/p>\t\t\t\t\t\t\t\t<\/div>\n\t\t\t\t<\/div>\n\t\t\t\t<div class=\"elementor-element elementor-element-d30b075 elementor-widget elementor-widget-image\" data-id=\"d30b075\" data-element_type=\"widget\" data-widget_type=\"image.default\">\n\t\t\t\t<div class=\"elementor-widget-container\">\n\t\t\t\t\t\t\t\t\t\t\t\t\t\t\t<img fetchpriority=\"high\" decoding=\"async\" width=\"1694\" height=\"381\" src=\"https:\/\/inputscreatius.com\/wp-content\/uploads\/2025\/02\/BRILLEN-OPTICS-blanc-amb-caixa-negre_11zon.webp\" class=\"attachment-full size-full wp-image-335\" alt=\"\" srcset=\"https:\/\/inputscreatius.com\/wp-content\/uploads\/2025\/02\/BRILLEN-OPTICS-blanc-amb-caixa-negre_11zon.webp 1694w, https:\/\/inputscreatius.com\/wp-content\/uploads\/2025\/02\/BRILLEN-OPTICS-blanc-amb-caixa-negre_11zon-300x67.webp 300w, https:\/\/inputscreatius.com\/wp-content\/uploads\/2025\/02\/BRILLEN-OPTICS-blanc-amb-caixa-negre_11zon-1024x230.webp 1024w, https:\/\/inputscreatius.com\/wp-content\/uploads\/2025\/02\/BRILLEN-OPTICS-blanc-amb-caixa-negre_11zon-768x173.webp 768w, https:\/\/inputscreatius.com\/wp-content\/uploads\/2025\/02\/BRILLEN-OPTICS-blanc-amb-caixa-negre_11zon-1536x345.webp 1536w, https:\/\/inputscreatius.com\/wp-content\/uploads\/2025\/02\/BRILLEN-OPTICS-blanc-amb-caixa-negre_11zon-18x4.webp 18w\" sizes=\"(max-width: 1694px) 100vw, 1694px\" \/>\t\t\t\t\t\t\t\t\t\t\t\t\t\t\t<\/div>\n\t\t\t\t<\/div>\n\t\t\t\t\t<\/div>\n\t\t<\/div>\n\t\t\t\t\t<\/div>\n\t\t<\/section>\n\t\t\t\t<section class=\"elementor-section elementor-top-section elementor-element elementor-element-9e1caa4 elementor-section-boxed elementor-section-height-default elementor-section-height-default\" data-id=\"9e1caa4\" data-element_type=\"section\" data-settings=\"{&quot;background_background&quot;:&quot;classic&quot;}\">\n\t\t\t\t\t\t<div class=\"elementor-container elementor-column-gap-default\">\n\t\t\t\t\t<div class=\"elementor-column elementor-col-100 elementor-top-column elementor-element elementor-element-e465551\" data-id=\"e465551\" data-element_type=\"column\">\n\t\t\t<div class=\"elementor-widget-wrap elementor-element-populated\">\n\t\t\t\t\t\t<div class=\"elementor-element elementor-element-5c8a644 elementor-invisible elementor-widget elementor-widget-heading\" data-id=\"5c8a644\" data-element_type=\"widget\" data-settings=\"{&quot;_animation&quot;:&quot;fadeInUp&quot;}\" data-widget_type=\"heading.default\">\n\t\t\t\t<div class=\"elementor-widget-container\">\n\t\t\t\t\t<h2 class=\"elementor-heading-title elementor-size-default\">Natura Emmarcada<\/h2>\t\t\t\t<\/div>\n\t\t\t\t<\/div>\n\t\t\t\t<div class=\"elementor-element elementor-element-0efc6f6 elementor-widget elementor-widget-text-editor\" data-id=\"0efc6f6\" data-element_type=\"widget\" data-widget_type=\"text-editor.default\">\n\t\t\t\t<div class=\"elementor-widget-container\">\n\t\t\t\t\t\t\t\t\t<p>Imagen gr\u00e1fica para una serie de esculturas naturales, donde el escultor plantea elementos de la naturaleza como ramas de \u00e1rboles enmarcados en madera. El logotipo es una representaci\u00f3n en s\u00ed de las propias esculturas<\/p>\t\t\t\t\t\t\t\t<\/div>\n\t\t\t\t<\/div>\n\t\t\t\t<div class=\"elementor-element elementor-element-a7e10e2 elementor-widget elementor-widget-image\" data-id=\"a7e10e2\" data-element_type=\"widget\" data-widget_type=\"image.default\">\n\t\t\t\t<div class=\"elementor-widget-container\">\n\t\t\t\t\t\t\t\t\t\t\t\t\t\t\t<img decoding=\"async\" width=\"800\" height=\"202\" src=\"https:\/\/inputscreatius.com\/wp-content\/uploads\/2025\/03\/logo-natura-emmarcada-FONS-1024x259.png\" class=\"attachment-large size-large wp-image-583\" alt=\"\" srcset=\"https:\/\/inputscreatius.com\/wp-content\/uploads\/2025\/03\/logo-natura-emmarcada-FONS-1024x259.png 1024w, https:\/\/inputscreatius.com\/wp-content\/uploads\/2025\/03\/logo-natura-emmarcada-FONS-300x76.png 300w, https:\/\/inputscreatius.com\/wp-content\/uploads\/2025\/03\/logo-natura-emmarcada-FONS-768x195.png 768w, https:\/\/inputscreatius.com\/wp-content\/uploads\/2025\/03\/logo-natura-emmarcada-FONS-18x5.png 18w, https:\/\/inputscreatius.com\/wp-content\/uploads\/2025\/03\/logo-natura-emmarcada-FONS.png 1125w\" sizes=\"(max-width: 800px) 100vw, 800px\" \/>\t\t\t\t\t\t\t\t\t\t\t\t\t\t\t<\/div>\n\t\t\t\t<\/div>\n\t\t\t\t\t<\/div>\n\t\t<\/div>\n\t\t\t\t\t<\/div>\n\t\t<\/section>\n\t\t\t\t<section class=\"elementor-section elementor-top-section elementor-element elementor-element-d2b0911 elementor-section-boxed elementor-section-height-default elementor-section-height-default\" data-id=\"d2b0911\" data-element_type=\"section\">\n\t\t\t\t\t\t<div class=\"elementor-container elementor-column-gap-default\">\n\t\t\t\t\t<div class=\"elementor-column elementor-col-100 elementor-top-column elementor-element elementor-element-f7edc43\" data-id=\"f7edc43\" data-element_type=\"column\">\n\t\t\t<div class=\"elementor-widget-wrap elementor-element-populated\">\n\t\t\t\t\t\t<div class=\"elementor-element elementor-element-63fe188 elementor-invisible elementor-widget elementor-widget-heading\" data-id=\"63fe188\" data-element_type=\"widget\" data-settings=\"{&quot;_animation&quot;:&quot;fadeInUp&quot;}\" data-widget_type=\"heading.default\">\n\t\t\t\t<div class=\"elementor-widget-container\">\n\t\t\t\t\t<h2 class=\"elementor-heading-title elementor-size-default\">Scenikus<\/h2>\t\t\t\t<\/div>\n\t\t\t\t<\/div>\n\t\t\t\t<div class=\"elementor-element elementor-element-882e1e3 elementor-widget elementor-widget-text-editor\" data-id=\"882e1e3\" data-element_type=\"widget\" data-widget_type=\"text-editor.default\">\n\t\t\t\t<div class=\"elementor-widget-container\">\n\t\t\t\t\t\t\t\t\t<p>Creaci\u00f3n de una imagen para una web de contenido cultural y audiovisual de artes esc\u00e9nicas. Se plantea una gran \u2018S\u2019 que tiene como sombra delantera una \u2018C\u2019 (cultura, comunicaci\u00f3n, comunidad,&#8230;) dando como resultado una imagen \u00fanica, con clase, y estilizada.<\/p>\t\t\t\t\t\t\t\t<\/div>\n\t\t\t\t<\/div>\n\t\t\t\t<div class=\"elementor-element elementor-element-82b9b8d elementor-widget elementor-widget-image\" data-id=\"82b9b8d\" data-element_type=\"widget\" data-widget_type=\"image.default\">\n\t\t\t\t<div class=\"elementor-widget-container\">\n\t\t\t\t\t\t\t\t\t\t\t\t\t\t\t<img decoding=\"async\" width=\"2029\" height=\"1301\" src=\"https:\/\/inputscreatius.com\/wp-content\/uploads\/2025\/02\/SCENIKUS_11zon.webp\" class=\"attachment-full size-full wp-image-329\" alt=\"\" srcset=\"https:\/\/inputscreatius.com\/wp-content\/uploads\/2025\/02\/SCENIKUS_11zon.webp 2029w, https:\/\/inputscreatius.com\/wp-content\/uploads\/2025\/02\/SCENIKUS_11zon-300x192.webp 300w, https:\/\/inputscreatius.com\/wp-content\/uploads\/2025\/02\/SCENIKUS_11zon-1024x657.webp 1024w, https:\/\/inputscreatius.com\/wp-content\/uploads\/2025\/02\/SCENIKUS_11zon-768x492.webp 768w, https:\/\/inputscreatius.com\/wp-content\/uploads\/2025\/02\/SCENIKUS_11zon-1536x985.webp 1536w, https:\/\/inputscreatius.com\/wp-content\/uploads\/2025\/02\/SCENIKUS_11zon-18x12.webp 18w\" sizes=\"(max-width: 2029px) 100vw, 2029px\" \/>\t\t\t\t\t\t\t\t\t\t\t\t\t\t\t<\/div>\n\t\t\t\t<\/div>\n\t\t\t\t\t<\/div>\n\t\t<\/div>\n\t\t\t\t\t<\/div>\n\t\t<\/section>\n\t\t\t\t<section class=\"elementor-section elementor-top-section elementor-element elementor-element-0e8e1a0 elementor-section-boxed elementor-section-height-default elementor-section-height-default\" data-id=\"0e8e1a0\" data-element_type=\"section\" data-settings=\"{&quot;background_background&quot;:&quot;classic&quot;}\">\n\t\t\t\t\t\t<div class=\"elementor-container elementor-column-gap-default\">\n\t\t\t\t\t<div class=\"elementor-column elementor-col-100 elementor-top-column elementor-element elementor-element-0091bce\" data-id=\"0091bce\" data-element_type=\"column\">\n\t\t\t<div class=\"elementor-widget-wrap elementor-element-populated\">\n\t\t\t\t\t\t<div class=\"elementor-element elementor-element-d9673f6 elementor-widget elementor-widget-heading\" data-id=\"d9673f6\" data-element_type=\"widget\" data-widget_type=\"heading.default\">\n\t\t\t\t<div class=\"elementor-widget-container\">\n\t\t\t\t\t<h2 class=\"elementor-heading-title elementor-size-default\">Lironda Films<\/h2>\t\t\t\t<\/div>\n\t\t\t\t<\/div>\n\t\t\t\t<div class=\"elementor-element elementor-element-35a40d0 elementor-widget elementor-widget-text-editor\" data-id=\"35a40d0\" data-element_type=\"widget\" data-widget_type=\"text-editor.default\">\n\t\t\t\t<div class=\"elementor-widget-container\">\n\t\t\t\t\t\t\t\t\t<p>Logotipo de empresa creativa de audiovisuales.<\/p>\t\t\t\t\t\t\t\t<\/div>\n\t\t\t\t<\/div>\n\t\t\t\t<div class=\"elementor-element elementor-element-d561cc8 elementor-widget elementor-widget-image\" data-id=\"d561cc8\" data-element_type=\"widget\" data-widget_type=\"image.default\">\n\t\t\t\t<div class=\"elementor-widget-container\">\n\t\t\t\t\t\t\t\t\t\t\t\t\t\t\t<img loading=\"lazy\" decoding=\"async\" width=\"800\" height=\"174\" src=\"https:\/\/inputscreatius.com\/wp-content\/uploads\/2025\/03\/LIRONDA-FILMS-1-1024x223.png\" class=\"attachment-large size-large wp-image-582\" alt=\"\" srcset=\"https:\/\/inputscreatius.com\/wp-content\/uploads\/2025\/03\/LIRONDA-FILMS-1-1024x223.png 1024w, https:\/\/inputscreatius.com\/wp-content\/uploads\/2025\/03\/LIRONDA-FILMS-1-300x65.png 300w, https:\/\/inputscreatius.com\/wp-content\/uploads\/2025\/03\/LIRONDA-FILMS-1-768x167.png 768w, https:\/\/inputscreatius.com\/wp-content\/uploads\/2025\/03\/LIRONDA-FILMS-1-1536x335.png 1536w, https:\/\/inputscreatius.com\/wp-content\/uploads\/2025\/03\/LIRONDA-FILMS-1-2048x446.png 2048w, https:\/\/inputscreatius.com\/wp-content\/uploads\/2025\/03\/LIRONDA-FILMS-1-18x4.png 18w\" sizes=\"(max-width: 800px) 100vw, 800px\" \/>\t\t\t\t\t\t\t\t\t\t\t\t\t\t\t<\/div>\n\t\t\t\t<\/div>\n\t\t\t\t\t<\/div>\n\t\t<\/div>\n\t\t\t\t\t<\/div>\n\t\t<\/section>\n\t\t\t\t<section class=\"elementor-section elementor-top-section elementor-element elementor-element-c14c617 elementor-section-boxed elementor-section-height-default elementor-section-height-default\" data-id=\"c14c617\" data-element_type=\"section\" data-settings=\"{&quot;background_background&quot;:&quot;classic&quot;}\">\n\t\t\t\t\t\t<div class=\"elementor-container elementor-column-gap-default\">\n\t\t\t\t\t<div class=\"elementor-column elementor-col-100 elementor-top-column elementor-element elementor-element-8b1e08a\" data-id=\"8b1e08a\" data-element_type=\"column\">\n\t\t\t<div class=\"elementor-widget-wrap elementor-element-populated\">\n\t\t\t\t\t\t<div class=\"elementor-element elementor-element-2fecad3 elementor-widget elementor-widget-heading\" data-id=\"2fecad3\" data-element_type=\"widget\" data-widget_type=\"heading.default\">\n\t\t\t\t<div class=\"elementor-widget-container\">\n\t\t\t\t\t<h2 class=\"elementor-heading-title elementor-size-default\">Max Orsini by Brillen Optics<\/h2>\t\t\t\t<\/div>\n\t\t\t\t<\/div>\n\t\t\t\t<div class=\"elementor-element elementor-element-f43881c elementor-widget elementor-widget-text-editor\" data-id=\"f43881c\" data-element_type=\"widget\" data-widget_type=\"text-editor.default\">\n\t\t\t\t<div class=\"elementor-widget-container\">\n\t\t\t\t\t\t\t\t\t<p>Imagen para colecci\u00f3n de Gafas y elementos \u00f3pticos<\/p>\t\t\t\t\t\t\t\t<\/div>\n\t\t\t\t<\/div>\n\t\t\t\t<div class=\"elementor-element elementor-element-3dc3b89 elementor-widget elementor-widget-image\" data-id=\"3dc3b89\" data-element_type=\"widget\" data-widget_type=\"image.default\">\n\t\t\t\t<div class=\"elementor-widget-container\">\n\t\t\t\t\t\t\t\t\t\t\t\t\t\t\t<img loading=\"lazy\" decoding=\"async\" width=\"800\" height=\"181\" src=\"https:\/\/inputscreatius.com\/wp-content\/uploads\/2025\/03\/MAX-ORSINI-by-Brillen-Optics-1024x232.png\" class=\"attachment-large size-large wp-image-590\" alt=\"\" srcset=\"https:\/\/inputscreatius.com\/wp-content\/uploads\/2025\/03\/MAX-ORSINI-by-Brillen-Optics-1024x232.png 1024w, https:\/\/inputscreatius.com\/wp-content\/uploads\/2025\/03\/MAX-ORSINI-by-Brillen-Optics-300x68.png 300w, https:\/\/inputscreatius.com\/wp-content\/uploads\/2025\/03\/MAX-ORSINI-by-Brillen-Optics-768x174.png 768w, https:\/\/inputscreatius.com\/wp-content\/uploads\/2025\/03\/MAX-ORSINI-by-Brillen-Optics-1536x347.png 1536w, https:\/\/inputscreatius.com\/wp-content\/uploads\/2025\/03\/MAX-ORSINI-by-Brillen-Optics-2048x463.png 2048w, https:\/\/inputscreatius.com\/wp-content\/uploads\/2025\/03\/MAX-ORSINI-by-Brillen-Optics-18x4.png 18w\" sizes=\"(max-width: 800px) 100vw, 800px\" \/>\t\t\t\t\t\t\t\t\t\t\t\t\t\t\t<\/div>\n\t\t\t\t<\/div>\n\t\t\t\t\t<\/div>\n\t\t<\/div>\n\t\t\t\t\t<\/div>\n\t\t<\/section>\n\t\t\t\t<section class=\"elementor-section elementor-top-section elementor-element elementor-element-552254e elementor-section-boxed elementor-section-height-default elementor-section-height-default\" data-id=\"552254e\" data-element_type=\"section\" data-settings=\"{&quot;background_background&quot;:&quot;classic&quot;}\">\n\t\t\t\t\t\t<div class=\"elementor-container elementor-column-gap-default\">\n\t\t\t\t\t<div class=\"elementor-column elementor-col-100 elementor-top-column elementor-element elementor-element-669017a\" data-id=\"669017a\" data-element_type=\"column\">\n\t\t\t<div class=\"elementor-widget-wrap elementor-element-populated\">\n\t\t\t\t\t\t<div class=\"elementor-element elementor-element-fbaeaad elementor-widget elementor-widget-heading\" data-id=\"fbaeaad\" data-element_type=\"widget\" data-widget_type=\"heading.default\">\n\t\t\t\t<div class=\"elementor-widget-container\">\n\t\t\t\t\t<h2 class=\"elementor-heading-title elementor-size-default\">Suit Sanza<\/h2>\t\t\t\t<\/div>\n\t\t\t\t<\/div>\n\t\t\t\t<div class=\"elementor-element elementor-element-54a3d6b elementor-widget elementor-widget-text-editor\" data-id=\"54a3d6b\" data-element_type=\"widget\" data-widget_type=\"text-editor.default\">\n\t\t\t\t<div class=\"elementor-widget-container\">\n\t\t\t\t\t\t\t\t\t<p>Logotipo para empresa de venta de ropa on-line<\/p>\t\t\t\t\t\t\t\t<\/div>\n\t\t\t\t<\/div>\n\t\t\t\t<div class=\"elementor-element elementor-element-0250635 elementor-widget elementor-widget-image\" data-id=\"0250635\" data-element_type=\"widget\" data-widget_type=\"image.default\">\n\t\t\t\t<div class=\"elementor-widget-container\">\n\t\t\t\t\t\t\t\t\t\t\t\t\t\t\t<img loading=\"lazy\" decoding=\"async\" width=\"259\" height=\"259\" src=\"https:\/\/inputscreatius.com\/wp-content\/uploads\/2025\/03\/SUIT-SANZA-1.png\" class=\"attachment-large size-large wp-image-595\" alt=\"\" srcset=\"https:\/\/inputscreatius.com\/wp-content\/uploads\/2025\/03\/SUIT-SANZA-1.png 259w, https:\/\/inputscreatius.com\/wp-content\/uploads\/2025\/03\/SUIT-SANZA-1-150x150.png 150w, https:\/\/inputscreatius.com\/wp-content\/uploads\/2025\/03\/SUIT-SANZA-1-12x12.png 12w\" sizes=\"(max-width: 259px) 100vw, 259px\" \/>\t\t\t\t\t\t\t\t\t\t\t\t\t\t\t<\/div>\n\t\t\t\t<\/div>\n\t\t\t\t\t<\/div>\n\t\t<\/div>\n\t\t\t\t\t<\/div>\n\t\t<\/section>\n\t\t\t\t<\/div>","protected":false},"excerpt":{"rendered":"<p>Brillen \u00d3ptics Creaci\u00f3n de logotipo para una empresa de venta de gafas, con colores corporativos simples, acentuando en color naranja el brillo de una lente y el puente de unas gafas. Natura Emmarcada Imagen gr\u00e1fica para una serie de esculturas naturales, donde el escultor plantea elementos de la naturaleza como ramas de \u00e1rboles enmarcados en [&hellip;]<\/p>","protected":false},"author":2,"featured_media":0,"parent":0,"menu_order":0,"comment_status":"closed","ping_status":"closed","template":"","meta":{"footnotes":""},"yoast_head":"<!-- This site is optimized with the Yoast SEO plugin v25.3 - https:\/\/yoast.com\/wordpress\/plugins\/seo\/ -->\n<title>Dise\u00f1o gr\u00e1fico - Inputs Creatius<\/title>\n<meta name=\"robots\" content=\"index, follow, max-snippet:-1, max-image-preview:large, max-video-preview:-1\" \/>\n<link rel=\"canonical\" href=\"https:\/\/inputscreatius.com\/en\/diseno-grafico\/\" \/>\n<meta property=\"og:locale\" content=\"en_US\" \/>\n<meta property=\"og:type\" content=\"article\" \/>\n<meta property=\"og:title\" content=\"Dise\u00f1o gr\u00e1fico - Inputs Creatius\" \/>\n<meta property=\"og:description\" content=\"Brillen \u00d3ptics Creaci\u00f3n de logotipo para una empresa de venta de gafas, con colores corporativos simples, acentuando en color naranja el brillo de una lente y el puente de unas gafas. Natura Emmarcada Imagen gr\u00e1fica para una serie de esculturas naturales, donde el escultor plantea elementos de la naturaleza como ramas de \u00e1rboles enmarcados en [&hellip;]\" \/>\n<meta property=\"og:url\" content=\"https:\/\/inputscreatius.com\/en\/diseno-grafico\/\" \/>\n<meta property=\"og:site_name\" content=\"Inputs Creatius\" \/>\n<meta property=\"article:modified_time\" content=\"2025-08-06T14:50:55+00:00\" \/>\n<meta property=\"og:image\" content=\"https:\/\/inputscreatius.com\/wp-content\/uploads\/2025\/02\/BRILLEN-OPTICS-blanc-amb-caixa-negre_11zon.webp\" \/>\n\t<meta property=\"og:image:width\" content=\"1694\" \/>\n\t<meta property=\"og:image:height\" content=\"381\" \/>\n\t<meta property=\"og:image:type\" content=\"image\/webp\" \/>\n<meta name=\"twitter:card\" content=\"summary_large_image\" \/>\n<meta name=\"twitter:label1\" content=\"Est. reading time\" \/>\n\t<meta name=\"twitter:data1\" content=\"2 minutes\" \/>\n<script type=\"application\/ld+json\" class=\"yoast-schema-graph\">{\"@context\":\"https:\/\/schema.org\",\"@graph\":[{\"@type\":\"WebPage\",\"@id\":\"https:\/\/inputscreatius.com\/diseno-grafico\/\",\"url\":\"https:\/\/inputscreatius.com\/diseno-grafico\/\",\"name\":\"Dise\u00f1o gr\u00e1fico - Inputs Creatius\",\"isPartOf\":{\"@id\":\"https:\/\/inputscreatius.com\/#website\"},\"primaryImageOfPage\":{\"@id\":\"https:\/\/inputscreatius.com\/diseno-grafico\/#primaryimage\"},\"image\":{\"@id\":\"https:\/\/inputscreatius.com\/diseno-grafico\/#primaryimage\"},\"thumbnailUrl\":\"https:\/\/inputscreatius.com\/wp-content\/uploads\/2025\/02\/BRILLEN-OPTICS-blanc-amb-caixa-negre_11zon.webp\",\"datePublished\":\"2025-02-10T15:17:25+00:00\",\"dateModified\":\"2025-08-06T14:50:55+00:00\",\"breadcrumb\":{\"@id\":\"https:\/\/inputscreatius.com\/diseno-grafico\/#breadcrumb\"},\"inLanguage\":\"en-US\",\"potentialAction\":[{\"@type\":\"ReadAction\",\"target\":[\"https:\/\/inputscreatius.com\/diseno-grafico\/\"]}]},{\"@type\":\"ImageObject\",\"inLanguage\":\"en-US\",\"@id\":\"https:\/\/inputscreatius.com\/diseno-grafico\/#primaryimage\",\"url\":\"https:\/\/inputscreatius.com\/wp-content\/uploads\/2025\/02\/BRILLEN-OPTICS-blanc-amb-caixa-negre_11zon.webp\",\"contentUrl\":\"https:\/\/inputscreatius.com\/wp-content\/uploads\/2025\/02\/BRILLEN-OPTICS-blanc-amb-caixa-negre_11zon.webp\"},{\"@type\":\"BreadcrumbList\",\"@id\":\"https:\/\/inputscreatius.com\/diseno-grafico\/#breadcrumb\",\"itemListElement\":[{\"@type\":\"ListItem\",\"position\":1,\"name\":\"Portada\",\"item\":\"https:\/\/inputscreatius.com\/\"},{\"@type\":\"ListItem\",\"position\":2,\"name\":\"Dise\u00f1o gr\u00e1fico\"}]},{\"@type\":\"WebSite\",\"@id\":\"https:\/\/inputscreatius.com\/#website\",\"url\":\"https:\/\/inputscreatius.com\/\",\"name\":\"Inputs Creatius\",\"description\":\"\",\"potentialAction\":[{\"@type\":\"SearchAction\",\"target\":{\"@type\":\"EntryPoint\",\"urlTemplate\":\"https:\/\/inputscreatius.com\/?s={search_term_string}\"},\"query-input\":{\"@type\":\"PropertyValueSpecification\",\"valueRequired\":true,\"valueName\":\"search_term_string\"}}],\"inLanguage\":\"en-US\"}]}<\/script>\n<!-- \/ Yoast SEO plugin. -->","yoast_head_json":{"title":"Dise\u00f1o gr\u00e1fico - Inputs Creatius","robots":{"index":"index","follow":"follow","max-snippet":"max-snippet:-1","max-image-preview":"max-image-preview:large","max-video-preview":"max-video-preview:-1"},"canonical":"https:\/\/inputscreatius.com\/en\/diseno-grafico\/","og_locale":"en_US","og_type":"article","og_title":"Dise\u00f1o gr\u00e1fico - Inputs Creatius","og_description":"Brillen \u00d3ptics Creaci\u00f3n de logotipo para una empresa de venta de gafas, con colores corporativos simples, acentuando en color naranja el brillo de una lente y el puente de unas gafas. Natura Emmarcada Imagen gr\u00e1fica para una serie de esculturas naturales, donde el escultor plantea elementos de la naturaleza como ramas de \u00e1rboles enmarcados en [&hellip;]","og_url":"https:\/\/inputscreatius.com\/en\/diseno-grafico\/","og_site_name":"Inputs Creatius","article_modified_time":"2025-08-06T14:50:55+00:00","og_image":[{"width":1694,"height":381,"url":"https:\/\/inputscreatius.com\/wp-content\/uploads\/2025\/02\/BRILLEN-OPTICS-blanc-amb-caixa-negre_11zon.webp","type":"image\/webp"}],"twitter_card":"summary_large_image","twitter_misc":{"Est. reading time":"2 minutes"},"schema":{"@context":"https:\/\/schema.org","@graph":[{"@type":"WebPage","@id":"https:\/\/inputscreatius.com\/diseno-grafico\/","url":"https:\/\/inputscreatius.com\/diseno-grafico\/","name":"Dise\u00f1o gr\u00e1fico - Inputs Creatius","isPartOf":{"@id":"https:\/\/inputscreatius.com\/#website"},"primaryImageOfPage":{"@id":"https:\/\/inputscreatius.com\/diseno-grafico\/#primaryimage"},"image":{"@id":"https:\/\/inputscreatius.com\/diseno-grafico\/#primaryimage"},"thumbnailUrl":"https:\/\/inputscreatius.com\/wp-content\/uploads\/2025\/02\/BRILLEN-OPTICS-blanc-amb-caixa-negre_11zon.webp","datePublished":"2025-02-10T15:17:25+00:00","dateModified":"2025-08-06T14:50:55+00:00","breadcrumb":{"@id":"https:\/\/inputscreatius.com\/diseno-grafico\/#breadcrumb"},"inLanguage":"en-US","potentialAction":[{"@type":"ReadAction","target":["https:\/\/inputscreatius.com\/diseno-grafico\/"]}]},{"@type":"ImageObject","inLanguage":"en-US","@id":"https:\/\/inputscreatius.com\/diseno-grafico\/#primaryimage","url":"https:\/\/inputscreatius.com\/wp-content\/uploads\/2025\/02\/BRILLEN-OPTICS-blanc-amb-caixa-negre_11zon.webp","contentUrl":"https:\/\/inputscreatius.com\/wp-content\/uploads\/2025\/02\/BRILLEN-OPTICS-blanc-amb-caixa-negre_11zon.webp"},{"@type":"BreadcrumbList","@id":"https:\/\/inputscreatius.com\/diseno-grafico\/#breadcrumb","itemListElement":[{"@type":"ListItem","position":1,"name":"Portada","item":"https:\/\/inputscreatius.com\/"},{"@type":"ListItem","position":2,"name":"Dise\u00f1o gr\u00e1fico"}]},{"@type":"WebSite","@id":"https:\/\/inputscreatius.com\/#website","url":"https:\/\/inputscreatius.com\/","name":"Inputs Creatius","description":"","potentialAction":[{"@type":"SearchAction","target":{"@type":"EntryPoint","urlTemplate":"https:\/\/inputscreatius.com\/?s={search_term_string}"},"query-input":{"@type":"PropertyValueSpecification","valueRequired":true,"valueName":"search_term_string"}}],"inLanguage":"en-US"}]}},"_links":{"self":[{"href":"https:\/\/inputscreatius.com\/en\/wp-json\/wp\/v2\/pages\/308"}],"collection":[{"href":"https:\/\/inputscreatius.com\/en\/wp-json\/wp\/v2\/pages"}],"about":[{"href":"https:\/\/inputscreatius.com\/en\/wp-json\/wp\/v2\/types\/page"}],"author":[{"embeddable":true,"href":"https:\/\/inputscreatius.com\/en\/wp-json\/wp\/v2\/users\/2"}],"replies":[{"embeddable":true,"href":"https:\/\/inputscreatius.com\/en\/wp-json\/wp\/v2\/comments?post=308"}],"version-history":[{"count":49,"href":"https:\/\/inputscreatius.com\/en\/wp-json\/wp\/v2\/pages\/308\/revisions"}],"predecessor-version":[{"id":699,"href":"https:\/\/inputscreatius.com\/en\/wp-json\/wp\/v2\/pages\/308\/revisions\/699"}],"wp:attachment":[{"href":"https:\/\/inputscreatius.com\/en\/wp-json\/wp\/v2\/media?parent=308"}],"curies":[{"name":"wp","href":"https:\/\/api.w.org\/{rel}","templated":true}]}}